{"id":50,"date":"2026-02-28T21:19:13","date_gmt":"2026-02-28T21:19:13","guid":{"rendered":"https:\/\/www.finncacao.fi\/?page_id=50"},"modified":"2026-03-02T01:13:06","modified_gmt":"2026-03-02T01:13:06","slug":"agriculture","status":"publish","type":"page","link":"https:\/\/www.finncacao.fi\/index.php\/agriculture\/","title":{"rendered":"Agriculture"},"content":{"rendered":"\t\t<div data-elementor-type=\"wp-page\" data-elementor-id=\"50\" class=\"elementor elementor-50\">\n\t\t\t\t<div class=\"elementor-element elementor-element-3323e8a e-flex e-con-boxed e-con e-parent\" data-id=\"3323e8a\" data-element_type=\"container\" data-e-type=\"container\">\n\t\t\t\t\t<div class=\"e-con-inner\">\n\t\t\t\t<div class=\"elementor-element elementor-element-0a24f7b elementor-widget elementor-widget-heading\" data-id=\"0a24f7b\" data-element_type=\"widget\" data-e-type=\"widget\" data-widget_type=\"heading.default\">\n\t\t\t\t\t<h2 class=\"elementor-heading-title elementor-size-default\">Finn Cacao Oy<\/h2>\t\t\t\t<\/div>\n\t\t\t\t<div class=\"elementor-element elementor-element-4760862 elementor-widget elementor-widget-heading\" data-id=\"4760862\" data-element_type=\"widget\" data-e-type=\"widget\" data-widget_type=\"heading.default\">\n\t\t\t\t\t<h3 class=\"elementor-heading-title elementor-size-default\">Finn Cacao Ci is a subsidiary of the Finnish company Finn Cacao Oy.<\/h3>\t\t\t\t<\/div>\n\t\t\t\t<div class=\"elementor-element elementor-element-6de4bab elementor-widget elementor-widget-text-editor\" data-id=\"6de4bab\" data-element_type=\"widget\" data-e-type=\"widget\" data-widget_type=\"text-editor.default\">\n\t\t\t\t\t\t\t\t\t<p>Finn Cacao Oy established an agricultural cooperative in C\u00f4te d&rsquo;Ivoire under the name Soci\u00e9t\u00e9 Nouvelle Coop\u00e9rative Agricole Finn Cacao C\u00f4te d&rsquo;Ivoire, abbreviated as Finn Cacao Ci. Its headquarters are located in Bangolo. The cooperative has 224 members and is managed by a board of directors. 32% of the members are women, primarily involved in subsistence farming and fish farming. The cooperative is registered with the Coffee and Cocoa Council and has a specific code for buying and selling cocoa beans, cocoa derivate (for example 10-12% Alkalized Light Brown Cocoa Powder and other products of cocoa), and coffee. It primarily works at the farm level, providing economic, technical, and social support to its members.\u00a0<\/p>\t\t\t\t\t\t\t\t<\/div>\n\t\t\t\t\t<\/div>\n\t\t\t\t<\/div>\n\t\t<div class=\"elementor-element elementor-element-54dc0d3 e-flex e-con-boxed e-con e-parent\" data-id=\"54dc0d3\" data-element_type=\"container\" data-e-type=\"container\">\n\t\t\t\t\t<div class=\"e-con-inner\">\n\t\t<div class=\"elementor-element elementor-element-57a2aa3 e-con-full e-flex e-con e-child\" data-id=\"57a2aa3\" data-element_type=\"container\" data-e-type=\"container\" data-settings=\"{&quot;background_background&quot;:&quot;classic&quot;}\">\n\t\t\t\t<div class=\"elementor-element elementor-element-b3215b3 elementor-widget elementor-widget-heading\" data-id=\"b3215b3\" data-element_type=\"widget\" data-e-type=\"widget\" data-widget_type=\"heading.default\">\n\t\t\t\t\t<h2 class=\"elementor-heading-title elementor-size-default\">    Production and Technical Support Activities<\/h2>\t\t\t\t<\/div>\n\t\t\t\t<div class=\"elementor-element elementor-element-cbad31e elementor-widget elementor-widget-text-editor\" data-id=\"cbad31e\" data-element_type=\"widget\" data-e-type=\"widget\" data-widget_type=\"text-editor.default\">\n\t\t\t\t\t\t\t\t\t<p><strong>\u00a0 \u00a0GUARANTEE THE QUALITY AND PRODUCTIVITY OF THE 224 MEMBERS.<\/strong><\/p><ul><li><strong>Supply of Agricultural Inputs (Pre-Campaign):<\/strong>\u00a0In line with its description, Finn Cacao Ci plays a crucial upstream role.\u00a0<strong>Concrete example:<\/strong>\u00a0Before the 2025 campaign, the cooperative organizes a group order of specific fertilizers for cocoa and coffee, distributes them to its producers at a reduced cost, and offers deferred payment after the harvest to avoid debt.<\/li><li><strong>Training in Good Practices:<\/strong>\u00a0The cooperative can organize training sessions for its members.\u00a0<strong>Concrete example:<\/strong>\u00a0In partnership with the\u00a0<em>Conseil du Caf\u00e9-Cacao<\/em>\u00a0(Coffee and Cocoa Council), Finn Cacao Ci trains its 152 male producers in pruning techniques and the rehabilitation of old cocoa trees to increase yields.<\/li><li><strong>Support for Women&rsquo;s Food Crops:<\/strong>\u00a0Since 32% of the members (approximately 72 women) are active in food crop farming, the cooperative diversifies its support.\u00a0<strong>Concrete example:<\/strong>\u00a0Finn Cacao Ci provides improved maize or rice seeds to its female members, recognizing that this production contributes to household food security and can even generate additional income.<\/li><\/ul>\t\t\t\t\t\t\t\t<\/div>\n\t\t\t\t<\/div>\n\t\t<div class=\"elementor-element elementor-element-087d6c3 e-con-full e-flex e-con e-child\" data-id=\"087d6c3\" data-element_type=\"container\" data-e-type=\"container\" data-settings=\"{&quot;background_background&quot;:&quot;classic&quot;}\">\n\t\t\t\t<div class=\"elementor-element elementor-element-15e9a57 elementor-widget elementor-widget-image\" data-id=\"15e9a57\" data-element_type=\"widget\" data-e-type=\"widget\" data-widget_type=\"image.default\">\n\t\t\t\t\t\t\t\t\t\t\t\t\t\t\t<img fetchpriority=\"high\" decoding=\"async\" width=\"600\" height=\"600\" src=\"https:\/\/www.finncacao.fi\/wp-content\/uploads\/2026\/03\/cacao-2.jpg\" class=\"attachment-large size-large wp-image-147\" alt=\"\" srcset=\"https:\/\/www.finncacao.fi\/wp-content\/uploads\/2026\/03\/cacao-2.jpg 600w, https:\/\/www.finncacao.fi\/wp-content\/uploads\/2026\/03\/cacao-2-300x300.jpg 300w, https:\/\/www.finncacao.fi\/wp-content\/uploads\/2026\/03\/cacao-2-150x150.jpg 150w\" sizes=\"(max-width: 600px) 100vw, 600px\" \/>\t\t\t\t\t\t\t\t\t\t\t\t\t\t\t<\/div>\n\t\t\t\t<\/div>\n\t\t\t\t\t<\/div>\n\t\t\t\t<\/div>\n\t\t<div class=\"elementor-element elementor-element-a9987b3 e-flex e-con-boxed e-con e-parent\" data-id=\"a9987b3\" data-element_type=\"container\" data-e-type=\"container\">\n\t\t\t\t\t<div class=\"e-con-inner\">\n\t\t<div class=\"elementor-element elementor-element-5254506 e-con-full e-flex e-con e-child\" data-id=\"5254506\" data-element_type=\"container\" data-e-type=\"container\" data-settings=\"{&quot;background_background&quot;:&quot;classic&quot;}\">\n\t\t\t\t<div class=\"elementor-element elementor-element-2d68716 elementor-widget elementor-widget-image\" data-id=\"2d68716\" data-element_type=\"widget\" data-e-type=\"widget\" data-widget_type=\"image.default\">\n\t\t\t\t\t\t\t\t\t\t\t\t\t\t\t<img decoding=\"async\" width=\"768\" height=\"1024\" src=\"https:\/\/www.finncacao.fi\/wp-content\/uploads\/2026\/03\/cacao-4-768x1024.jpg\" class=\"attachment-large size-large wp-image-161\" alt=\"\" srcset=\"https:\/\/www.finncacao.fi\/wp-content\/uploads\/2026\/03\/cacao-4-768x1024.jpg 768w, https:\/\/www.finncacao.fi\/wp-content\/uploads\/2026\/03\/cacao-4-225x300.jpg 225w, https:\/\/www.finncacao.fi\/wp-content\/uploads\/2026\/03\/cacao-4.jpg 810w\" sizes=\"(max-width: 768px) 100vw, 768px\" \/>\t\t\t\t\t\t\t\t\t\t\t\t\t\t\t<\/div>\n\t\t\t\t<\/div>\n\t\t<div class=\"elementor-element elementor-element-663e5b7 e-con-full e-flex e-con e-child\" data-id=\"663e5b7\" data-element_type=\"container\" data-e-type=\"container\" data-settings=\"{&quot;background_background&quot;:&quot;classic&quot;}\">\n\t\t\t\t<div class=\"elementor-element elementor-element-cf2e253 elementor-widget elementor-widget-heading\" data-id=\"cf2e253\" data-element_type=\"widget\" data-e-type=\"widget\" data-widget_type=\"heading.default\">\n\t\t\t\t\t<h3 class=\"elementor-heading-title elementor-size-default\">Sustainable Management and Inclusion<\/h3>\t\t\t\t<\/div>\n\t\t\t\t<div class=\"elementor-element elementor-element-89426cb elementor-widget elementor-widget-text-editor\" data-id=\"89426cb\" data-element_type=\"widget\" data-e-type=\"widget\" data-widget_type=\"text-editor.default\">\n\t\t\t\t\t\t\t\t\t<p>ENSURE THE LONG-TERM VIABILITY OF THE ACTIVITY AND ENHANCE THE ROLE OF WOMEN.<\/p><ul><li><strong>Traceability and Registration:<\/strong>\u00a0Thanks to its approval and specific code from the\u00a0<em>Conseil du Caf\u00e9-Cacao<\/em>, Finn Cacao Ci acts as the interface between the plantation and the international market. Being registered with the\u00a0<em>Conseil du Caf\u00e9-Cacao<\/em>\u00a0entails certain obligations.\u00a0<strong>Concrete example:<\/strong>\u00a0Finn Cacao Ci uses its purchasing code to geolocate the plots of its 224 members in order to certify that the cocoa and coffee sold do not come from protected forest areas, thus complying with regulations. The cooperative buys cocoa beans and coffee cherries from its members. The headquarters in Bangolo serves as a central point for weighing and quality control. Unlike a standard cooperative, Finn Cacao Ci can also negotiate processed or derived products, increasing added value for the members.<\/li><li><strong>Support for Women&rsquo;s Activities (Fish Farming):<\/strong>\u00a0As women are active in fish farming, the cooperative expands its scope of action.\u00a0<strong>Concrete example:<\/strong>\u00a0Finn Cacao Ci invests part of its profits to finance the purchase of galvanized steel cylindrical tanks for off-ground fish farming, as well as fingerlings and feed for women&rsquo;s groups, creating a new source of protein and income for families.<\/li><li><strong>Agroforestry:<\/strong>\u00a0To protect the main crops.\u00a0<strong>Concrete example:<\/strong>\u00a0The cooperative encourages its members to plant fruit trees (orange, avocado) or forest trees on their coffee and cocoa plots, providing shade and an additional source of income (sale of fruit).<\/li><\/ul>\t\t\t\t\t\t\t\t<\/div>\n\t\t\t\t<\/div>\n\t\t\t\t\t<\/div>\n\t\t\t\t<\/div>\n\t\t<div class=\"elementor-element elementor-element-65154d8 e-flex e-con-boxed e-con e-parent\" data-id=\"65154d8\" data-element_type=\"container\" data-e-type=\"container\">\n\t\t\t\t\t<div class=\"e-con-inner\">\n\t\t<div class=\"elementor-element elementor-element-a87d36d e-con-full e-flex e-con e-child\" data-id=\"a87d36d\" data-element_type=\"container\" data-e-type=\"container\" data-settings=\"{&quot;background_background&quot;:&quot;classic&quot;}\">\n\t\t\t\t<div class=\"elementor-element elementor-element-7d5a18a elementor-widget elementor-widget-heading\" data-id=\"7d5a18a\" data-element_type=\"widget\" data-e-type=\"widget\" data-widget_type=\"heading.default\">\n\t\t\t\t\t<h2 class=\"elementor-heading-title elementor-size-default\">Marketing and Market Access. <\/h2>\t\t\t\t<\/div>\n\t\t\t\t<div class=\"elementor-element elementor-element-9beeae8 elementor-widget elementor-widget-text-editor\" data-id=\"9beeae8\" data-element_type=\"widget\" data-e-type=\"widget\" data-widget_type=\"text-editor.default\">\n\t\t\t\t\t\t\t\t\t<p>SELL AT THE BEST PRICE THANKS TO THE PURCHASING CODE.<\/p><ul><li><strong>Group Collection and Sale:<\/strong>\u00a0Thanks to its specific code, Finn Cacao Ci can market directly.\u00a0<strong>Concrete example:<\/strong>\u00a0At harvest time, the cooperative centralizes the cocoa and coffee production and negotiates directly with buyers or exporters based in San-P\u00e9dro or Abidjan to obtain a price higher than that offered by local intermediaries (\u00ab\u00a0pisteurs\u00a0\u00bb).<\/li><li><strong>Quality Premiums:<\/strong>\u00a0By training its members, the quality improves.\u00a0<strong>Concrete example:<\/strong>\u00a0If Finn Cacao Ci delivers well-fermented and well-dried cocoa, the buyer pays a quality premium. This premium is redistributed to the producers concerned or placed in a common fund.<\/li><\/ul>\t\t\t\t\t\t\t\t<\/div>\n\t\t\t\t<div class=\"elementor-element elementor-element-f52df5a elementor-widget elementor-widget-heading\" data-id=\"f52df5a\" data-element_type=\"widget\" data-e-type=\"widget\" data-widget_type=\"heading.default\">\n\t\t\t\t\t<h2 class=\"elementor-heading-title elementor-size-default\"><strong>Social Responsibility and Community Life<\/strong><\/h2>\t\t\t\t<\/div>\n\t\t\t\t<div class=\"elementor-element elementor-element-1ebdf11 elementor-widget elementor-widget-text-editor\" data-id=\"1ebdf11\" data-element_type=\"widget\" data-e-type=\"widget\" data-widget_type=\"text-editor.default\">\n\t\t\t\t\t\t\t\t\t<p>\u00a0 \u00a0 Improve living conditions around Bangolo.<\/p><ul><li><strong>Support for Education (Purchase of Textbooks):<\/strong>\u00a0This is the flagship example of Finn Cacao Ci.\u00a0<strong>Concrete example:<\/strong>\u00a0Each year, at the start of the school year, the cooperative uses part of its surplus (profit) to identify the children of the 224 members who need support and provide them with complete school kits (textbooks, notebooks, pens) as described.<\/li><li><strong>Fight Against Child Labor:<\/strong>\u00a0By distributing school textbooks, the cooperative actively encourages school attendance.\u00a0<strong>Concrete example:<\/strong>\u00a0Finn Cacao Ci conducts awareness campaigns among its members to explain that children should be in school and not on plantations, using the purchase of textbooks as a lever for parental commitment.<\/li><li><strong>Improvement of Local Infrastructure:<\/strong>\u00a0With 224 families, the cooperative carries significant social weight.\u00a0<strong>Concrete example:<\/strong>\u00a0The cooperative could finance the repair of a water pump in the village of Bangolo to facilitate access to drinking water for women and children.<\/li><\/ul>\t\t\t\t\t\t\t\t<\/div>\n\t\t\t\t<\/div>\n\t\t<div class=\"elementor-element elementor-element-b4c5fa3 e-con-full e-flex e-con e-child\" data-id=\"b4c5fa3\" data-element_type=\"container\" data-e-type=\"container\" data-settings=\"{&quot;background_background&quot;:&quot;classic&quot;}\">\n\t\t\t\t<div class=\"elementor-element elementor-element-355fd5a elementor-widget elementor-widget-image\" data-id=\"355fd5a\" data-element_type=\"widget\" data-e-type=\"widget\" data-widget_type=\"image.default\">\n\t\t\t\t\t\t\t\t\t\t\t\t<figure class=\"wp-caption\">\n\t\t\t\t\t\t\t\t\t\t<img decoding=\"async\" width=\"150\" height=\"150\" src=\"https:\/\/www.finncacao.fi\/wp-content\/uploads\/2026\/03\/coffee-3-150x150.jpg\" class=\"attachment-thumbnail size-thumbnail wp-image-174\" alt=\"\" \/>\t\t\t\t\t\t\t\t\t\t\t<figcaption class=\"widget-image-caption wp-caption-text\">Shelled coffee cherries<\/figcaption>\n\t\t\t\t\t\t\t\t\t\t<\/figure>\n\t\t\t\t\t\t\t\t\t<\/div>\n\t\t\t\t<div class=\"elementor-element elementor-element-83f0b42 elementor-widget__width-inherit elementor-widget elementor-widget-image\" data-id=\"83f0b42\" data-element_type=\"widget\" data-e-type=\"widget\" data-widget_type=\"image.default\">\n\t\t\t\t\t\t\t\t\t\t\t\t\t\t\t<img loading=\"lazy\" decoding=\"async\" width=\"150\" height=\"150\" src=\"https:\/\/www.finncacao.fi\/wp-content\/uploads\/2026\/03\/cafe-1-150x150.jpg\" class=\"attachment-thumbnail size-thumbnail wp-image-173\" alt=\"\" \/>\t\t\t\t\t\t\t\t\t\t\t\t\t\t\t<\/div>\n\t\t\t\t<\/div>\n\t\t\t\t\t<\/div>\n\t\t\t\t<\/div>\n\t\t\t\t<\/div>\n\t\t","protected":false},"excerpt":{"rendered":"<p>Finn Cacao Oy Finn Cacao Ci is a subsidiary of the Finnish company Finn Cacao Oy. Finn Cacao Oy established [&hellip;]<\/p>\n","protected":false},"author":1,"featured_media":0,"parent":0,"menu_order":0,"comment_status":"closed","ping_status":"closed","template":"","meta":{"site-sidebar-layout":"no-sidebar","site-content-layout":"","ast-site-content-layout":"full-width-container","site-content-style":"default","site-sidebar-style":"default","ast-global-header-display":"","ast-banner-title-visibility":"","ast-main-header-display":"","ast-hfb-above-header-display":"","ast-hfb-below-header-display":"","ast-hfb-mobile-header-display":"","site-post-title":"disabled","ast-breadcrumbs-content":"","ast-featured-img":"disabled","footer-sml-layout":"","ast-disable-related-posts":"","theme-transparent-header-meta":"","adv-header-id-meta":"","stick-header-meta":"","header-above-stick-meta":"","header-main-stick-meta":"","header-below-stick-meta":"","astra-migrate-meta-layouts":"default","ast-page-background-enabled":"default","ast-page-background-meta":{"desktop":{"background-color":"var(--ast-global-color-5)","background-image":"","background-repeat":"repeat","background-position":"center center","background-size":"auto","background-attachment":"scroll","background-type":"","background-media":"","overlay-type":"","overlay-color":"","overlay-opacity":"","overlay-gradient":""},"tablet":{"background-color":"","background-image":"","background-repeat":"repeat","background-position":"center center","background-size":"auto","background-attachment":"scroll","background-type":"","background-media":"","overlay-type":"","overlay-color":"","overlay-opacity":"","overlay-gradient":""},"mobile":{"background-color":"","background-image":"","background-repeat":"repeat","background-position":"center center","background-size":"auto","background-attachment":"scroll","background-type":"","background-media":"","overlay-type":"","overlay-color":"","overlay-opacity":"","overlay-gradient":""}},"ast-content-background-meta":{"desktop":{"background-color":"var(--ast-global-color-4)","background-image":"","background-repeat":"repeat","background-position":"center center","background-size":"auto","background-attachment":"scroll","background-type":"","background-media":"","overlay-type":"","overlay-color":"","overlay-opacity":"","overlay-gradient":""},"tablet":{"background-color":"var(--ast-global-color-4)","background-image":"","background-repeat":"repeat","background-position":"center center","background-size":"auto","background-attachment":"scroll","background-type":"","background-media":"","overlay-type":"","overlay-color":"","overlay-opacity":"","overlay-gradient":""},"mobile":{"background-color":"var(--ast-global-color-4)","background-image":"","background-repeat":"repeat","background-position":"center center","background-size":"auto","background-attachment":"scroll","background-type":"","background-media":"","overlay-type":"","overlay-color":"","overlay-opacity":"","overlay-gradient":""}},"footnotes":""},"class_list":["post-50","page","type-page","status-publish","hentry"],"_links":{"self":[{"href":"https:\/\/www.finncacao.fi\/index.php\/wp-json\/wp\/v2\/pages\/50","targetHints":{"allow":["GET"]}}],"collection":[{"href":"https:\/\/www.finncacao.fi\/index.php\/wp-json\/wp\/v2\/pages"}],"about":[{"href":"https:\/\/www.finncacao.fi\/index.php\/wp-json\/wp\/v2\/types\/page"}],"author":[{"embeddable":true,"href":"https:\/\/www.finncacao.fi\/index.php\/wp-json\/wp\/v2\/users\/1"}],"replies":[{"embeddable":true,"href":"https:\/\/www.finncacao.fi\/index.php\/wp-json\/wp\/v2\/comments?post=50"}],"version-history":[{"count":52,"href":"https:\/\/www.finncacao.fi\/index.php\/wp-json\/wp\/v2\/pages\/50\/revisions"}],"predecessor-version":[{"id":283,"href":"https:\/\/www.finncacao.fi\/index.php\/wp-json\/wp\/v2\/pages\/50\/revisions\/283"}],"wp:attachment":[{"href":"https:\/\/www.finncacao.fi\/index.php\/wp-json\/wp\/v2\/media?parent=50"}],"curies":[{"name":"wp","href":"https:\/\/api.w.org\/{rel}","templated":true}]}}