{"id":52,"date":"2026-02-28T21:20:09","date_gmt":"2026-02-28T21:20:09","guid":{"rendered":"https:\/\/www.finncacao.fi\/?page_id=52"},"modified":"2026-03-25T21:14:54","modified_gmt":"2026-03-25T21:14:54","slug":"aquaculture","status":"publish","type":"page","link":"https:\/\/www.finncacao.fi\/index.php\/aquaculture\/","title":{"rendered":"Aquaculture"},"content":{"rendered":"\t\t<div data-elementor-type=\"wp-page\" data-elementor-id=\"52\" class=\"elementor elementor-52\">\n\t\t\t\t<div class=\"elementor-element elementor-element-0ee3bca e-flex e-con-boxed e-con e-parent\" data-id=\"0ee3bca\" data-element_type=\"container\" data-e-type=\"container\">\n\t\t\t\t\t<div class=\"e-con-inner\">\n\t\t\t\t<div class=\"elementor-element elementor-element-8435b76 elementor-widget elementor-widget-heading\" data-id=\"8435b76\" data-element_type=\"widget\" data-e-type=\"widget\" data-widget_type=\"heading.default\">\n\t\t\t\t\t<h3 class=\"elementor-heading-title elementor-size-default\">Partner with Lorougnon Gu\u00e8de University of Daloa<\/h3>\t\t\t\t<\/div>\n\t\t\t\t<div class=\"elementor-element elementor-element-2349489 elementor-widget elementor-widget-heading\" data-id=\"2349489\" data-element_type=\"widget\" data-e-type=\"widget\" data-widget_type=\"heading.default\">\n\t\t\t\t\t<h3 class=\"elementor-heading-title elementor-size-default\">Aquaculture and microalgae spirilina<\/h3>\t\t\t\t<\/div>\n\t\t\t\t<div class=\"elementor-element elementor-element-1a173d0 elementor-widget elementor-widget-text-editor\" data-id=\"1a173d0\" data-element_type=\"widget\" data-e-type=\"widget\" data-widget_type=\"text-editor.default\">\n\t\t\t\t\t\t\t\t\t<p>Establishing a formal partnership between Finn Cacao Ci and Universit\u00e9 Jean Lorougnon Gu\u00e9d\u00e9 (UJLoG) creates a powerful bridge between academic research and field application. Since the university is a center of excellence in agroforestry and environmental sciences, it can provide the technical \u00ab\u00a0brainpower\u00a0\u00bb to ensure the success of your aquaculture and spirulina projects. UJLoG is not just any university; it is a center of excellence in agroforestry and biosciences located in Daloa, right in the heart of the Haut-Sassandra region where Finn Cacao Ci operates. Several of its laboratories have already published cutting-edge research on fish farming, food safety, and even microalgae production adapted to C\u00f4te d&rsquo;Ivoire . Partnering with them would allow Finn Cacao Ci to move from \u00ab\u00a0simple support\u00a0\u00bb (providing tanks and alevins) to a scientifically managed and sustainable value chain.<\/p>\t\t\t\t\t\t\t\t<\/div>\n\t\t\t\t\t<\/div>\n\t\t\t\t<\/div>\n\t\t<div class=\"elementor-element elementor-element-bd44a22 e-flex e-con-boxed e-con e-parent\" data-id=\"bd44a22\" data-element_type=\"container\" data-e-type=\"container\">\n\t\t\t\t\t<div class=\"e-con-inner\">\n\t\t<div class=\"elementor-element elementor-element-b226086 e-con-full e-flex e-con e-child\" data-id=\"b226086\" data-element_type=\"container\" data-e-type=\"container\" data-settings=\"{&quot;background_background&quot;:&quot;classic&quot;}\">\n\t\t\t\t<div class=\"elementor-element elementor-element-fb949d8 elementor-widget elementor-widget-heading\" data-id=\"fb949d8\" data-element_type=\"widget\" data-e-type=\"widget\" data-widget_type=\"heading.default\">\n\t\t\t\t\t<h4 class=\"elementor-heading-title elementor-size-default\">Management of Fish Farming (Pisciculture)<\/h4>\t\t\t\t<\/div>\n\t\t\t\t<div class=\"elementor-element elementor-element-8802b99 elementor-widget elementor-widget-text-editor\" data-id=\"8802b99\" data-element_type=\"widget\" data-e-type=\"widget\" data-widget_type=\"text-editor.default\">\n\t\t\t\t\t\t\t\t\t<p><strong>THE UNIVERSITY OF DALOA PROVIDES THE SCIENTIFIC PROTOCOLS, WHILE FINN CACAO CI HANDLES THE COMMUNAL MANAGEMENT.<\/strong><\/p><ul><li><strong>Fingerling Quality Control:<\/strong> UJLoG researchers can help the cooperative select the most resilient local species of <strong>Tilapia<\/strong> or <strong>Clarias<\/strong> (Catfish) suited for the Bangolo climate.<\/li><li><strong>Water Quality Monitoring:<\/strong> The university can provide training on monitoring dissolved oxygen, pH levels, and ammonia\u2014critical factors to prevent fish mortality.<\/li><li><strong>Formulating Local Feed:<\/strong> Instead of buying expensive imported feed, the university can help develop a formula using local cocoa by-products (pod husks) and spirulina, drastically reducing costs for the 32% female members.<\/li><\/ul>\t\t\t\t\t\t\t\t<\/div>\n\t\t\t\t<\/div>\n\t\t<div class=\"elementor-element elementor-element-68463b2 e-con-full e-flex e-con e-child\" data-id=\"68463b2\" data-element_type=\"container\" data-e-type=\"container\">\n\t\t<div class=\"elementor-element elementor-element-1c23856 e-con-full e-flex e-con e-child\" data-id=\"1c23856\" data-element_type=\"container\" data-e-type=\"container\" data-settings=\"{&quot;background_background&quot;:&quot;classic&quot;}\">\n\t\t\t\t<div class=\"elementor-element elementor-element-3d0f401 elementor-widget elementor-widget-video\" data-id=\"3d0f401\" data-element_type=\"widget\" data-e-type=\"widget\" data-settings=\"{&quot;youtube_url&quot;:&quot;https:\\\/\\\/youtu.be\\\/cPNd4bU5jBI&quot;,&quot;video_type&quot;:&quot;youtube&quot;,&quot;controls&quot;:&quot;yes&quot;}\" data-widget_type=\"video.default\">\n\t\t\t\t\t\t\t<div class=\"elementor-wrapper elementor-open-inline\">\n\t\t\t<div class=\"elementor-video\"><\/div>\t\t<\/div>\n\t\t\t\t\t\t<\/div>\n\t\t\t\t<\/div>\n\t\t\t\t<\/div>\n\t\t\t\t\t<\/div>\n\t\t\t\t<\/div>\n\t\t<div class=\"elementor-element elementor-element-18eb16d e-flex e-con-boxed e-con e-parent\" data-id=\"18eb16d\" data-element_type=\"container\" data-e-type=\"container\">\n\t\t\t\t\t<div class=\"e-con-inner\">\n\t\t<div class=\"elementor-element elementor-element-1553319 e-con-full e-flex e-con e-child\" data-id=\"1553319\" data-element_type=\"container\" data-e-type=\"container\">\n\t\t\t\t<div class=\"elementor-element elementor-element-f162fe7 elementor-widget elementor-widget-image\" data-id=\"f162fe7\" data-element_type=\"widget\" data-e-type=\"widget\" data-widget_type=\"image.default\">\n\t\t\t\t\t\t\t\t\t\t\t\t\t\t\t<img fetchpriority=\"high\" decoding=\"async\" width=\"640\" height=\"494\" src=\"https:\/\/www.finncacao.fi\/wp-content\/uploads\/2026\/03\/Photobioreactor01.jpg\" class=\"attachment-large size-large wp-image-527\" alt=\"\" srcset=\"https:\/\/www.finncacao.fi\/wp-content\/uploads\/2026\/03\/Photobioreactor01.jpg 640w, https:\/\/www.finncacao.fi\/wp-content\/uploads\/2026\/03\/Photobioreactor01-300x232.jpg 300w\" sizes=\"(max-width: 640px) 100vw, 640px\" \/>\t\t\t\t\t\t\t\t\t\t\t\t\t\t\t<\/div>\n\t\t\t\t<\/div>\n\t\t<div class=\"elementor-element elementor-element-8f8ef8c e-con-full e-flex e-con e-child\" data-id=\"8f8ef8c\" data-element_type=\"container\" data-e-type=\"container\">\n\t\t\t\t<div class=\"elementor-element elementor-element-ddc6b3b elementor-widget elementor-widget-heading\" data-id=\"ddc6b3b\" data-element_type=\"widget\" data-e-type=\"widget\" data-widget_type=\"heading.default\">\n\t\t\t\t\t<h5 class=\"elementor-heading-title elementor-size-default\">Technological Innovation: Solar Energy and SCHOTT Photobioreactors<\/h5>\t\t\t\t<\/div>\n\t\t\t\t<div class=\"elementor-element elementor-element-523899e elementor-widget elementor-widget-text-editor\" data-id=\"523899e\" data-element_type=\"widget\" data-e-type=\"widget\" data-widget_type=\"text-editor.default\">\n\t\t\t\t\t\t\t\t\t<p>To ensure microalgae production that is high-performing, secure, and environmentally friendly, the project relies on cutting-edge technologies adapted to the Ivorian tropical climate.<\/p><p>The industrial cultivation of algae relies on closed-system photobioreactor (PBR) technology, which allows for rigorous control of cultivation parameters and significantly higher productivity than traditional open ponds. The success of this technology depends on the use of robust, UV-resistant glass tubes that comply with biosecurity and food safety standards.<\/p><p>This is why the project integrates PBR solutions from SCHOTT, a global leader in this field. The DURAN\u00ae borosilicate glass tubes provided by SCHOTT offer exceptional properties, summarized in the table below:<\/p>\t\t\t\t\t\t\t\t<\/div>\n\t\t\t\t<\/div>\n\t\t\t\t\t<\/div>\n\t\t\t\t<\/div>\n\t\t\t\t<\/div>\n\t\t","protected":false},"excerpt":{"rendered":"<p>Partner with Lorougnon Gu\u00e8de University of Daloa Aquaculture and microalgae spirilina Establishing a formal partnership between Finn Cacao Ci and [&hellip;]<\/p>\n","protected":false},"author":1,"featured_media":0,"parent":0,"menu_order":0,"comment_status":"closed","ping_status":"closed","template":"","meta":{"site-sidebar-layout":"no-sidebar","site-content-layout":"","ast-site-content-layout":"full-width-container","site-content-style":"default","site-sidebar-style":"default","ast-global-header-display":"","ast-banner-title-visibility":"","ast-main-header-display":"","ast-hfb-above-header-display":"","ast-hfb-below-header-display":"","ast-hfb-mobile-header-display":"","site-post-title":"disabled","ast-breadcrumbs-content":"","ast-featured-img":"disabled","footer-sml-layout":"","ast-disable-related-posts":"","theme-transparent-header-meta":"","adv-header-id-meta":"","stick-header-meta":"","header-above-stick-meta":"","header-main-stick-meta":"","header-below-stick-meta":"","astra-migrate-meta-layouts":"default","ast-page-background-enabled":"default","ast-page-background-meta":{"desktop":{"background-color":"var(--ast-global-color-5)","background-image":"","background-repeat":"repeat","background-position":"center center","background-size":"auto","background-attachment":"scroll","background-type":"","background-media":"","overlay-type":"","overlay-color":"","overlay-opacity":"","overlay-gradient":""},"tablet":{"background-color":"","background-image":"","background-repeat":"repeat","background-position":"center center","background-size":"auto","background-attachment":"scroll","background-type":"","background-media":"","overlay-type":"","overlay-color":"","overlay-opacity":"","overlay-gradient":""},"mobile":{"background-color":"","background-image":"","background-repeat":"repeat","background-position":"center center","background-size":"auto","background-attachment":"scroll","background-type":"","background-media":"","overlay-type":"","overlay-color":"","overlay-opacity":"","overlay-gradient":""}},"ast-content-background-meta":{"desktop":{"background-color":"var(--ast-global-color-4)","background-image":"","background-repeat":"repeat","background-position":"center center","background-size":"auto","background-attachment":"scroll","background-type":"","background-media":"","overlay-type":"","overlay-color":"","overlay-opacity":"","overlay-gradient":""},"tablet":{"background-color":"var(--ast-global-color-4)","background-image":"","background-repeat":"repeat","background-position":"center center","background-size":"auto","background-attachment":"scroll","background-type":"","background-media":"","overlay-type":"","overlay-color":"","overlay-opacity":"","overlay-gradient":""},"mobile":{"background-color":"var(--ast-global-color-4)","background-image":"","background-repeat":"repeat","background-position":"center center","background-size":"auto","background-attachment":"scroll","background-type":"","background-media":"","overlay-type":"","overlay-color":"","overlay-opacity":"","overlay-gradient":""}},"footnotes":""},"class_list":["post-52","page","type-page","status-publish","hentry"],"_links":{"self":[{"href":"https:\/\/www.finncacao.fi\/index.php\/wp-json\/wp\/v2\/pages\/52","targetHints":{"allow":["GET"]}}],"collection":[{"href":"https:\/\/www.finncacao.fi\/index.php\/wp-json\/wp\/v2\/pages"}],"about":[{"href":"https:\/\/www.finncacao.fi\/index.php\/wp-json\/wp\/v2\/types\/page"}],"author":[{"embeddable":true,"href":"https:\/\/www.finncacao.fi\/index.php\/wp-json\/wp\/v2\/users\/1"}],"replies":[{"embeddable":true,"href":"https:\/\/www.finncacao.fi\/index.php\/wp-json\/wp\/v2\/comments?post=52"}],"version-history":[{"count":40,"href":"https:\/\/www.finncacao.fi\/index.php\/wp-json\/wp\/v2\/pages\/52\/revisions"}],"predecessor-version":[{"id":552,"href":"https:\/\/www.finncacao.fi\/index.php\/wp-json\/wp\/v2\/pages\/52\/revisions\/552"}],"wp:attachment":[{"href":"https:\/\/www.finncacao.fi\/index.php\/wp-json\/wp\/v2\/media?parent=52"}],"curies":[{"name":"wp","href":"https:\/\/api.w.org\/{rel}","templated":true}]}}